{"id":21,"date":"2016-01-31T15:10:54","date_gmt":"2016-01-31T15:10:54","guid":{"rendered":"http:\/\/www.tacticalaccessories.eu\/ENG\/?page_id=21"},"modified":"2020-11-10T11:15:15","modified_gmt":"2020-11-10T10:15:15","slug":"contact-us","status":"publish","type":"page","link":"https:\/\/www.tacticalaccessories.eu\/ENG\/contact-us\/","title":{"rendered":"Contact"},"content":{"rendered":"<p>[vc_row][vc_column][vc_empty_space height=&#8221;6.75em&#8221;]<h2 class=\"sc_title sc_title_regular\" style=\"font-size:30;\"><\/p>\n<p class=\"sc_form_title sc_item_title\" style=\"text-align: center;\">CONTACT US<\/p>\n<p><\/h2>[\/vc_column][\/vc_row][vc_row][vc_column width=&#8221;1\/3&#8243;][vc_column_text]<strong>Our data<\/strong><br \/>\nTA Wojciech Lato<br \/>\nUl. J\u00f3zefa Che\u0142mo\u0144skiego 7\/50<br \/>\n02-495 Warszawa<br \/>\nNIP: 714-170-32-33<\/p>\n<p><strong>Phone<\/strong><br \/>\n+48 605072592<\/p>\n<p><strong>E-mail<\/strong><br \/>\n<a href=\"mailto:office@tacticalaccessories.eu\" target=\"_blank\" rel=\"noopener noreferrer\">office@tacticalaccessories.eu<\/a>[\/vc_column_text][vc_empty_space][\/vc_column][vc_column width=&#8221;2\/3&#8243;]<div role=\"form\" class=\"wpcf7\" id=\"wpcf7-f1477-o1\" lang=\"en-US\" dir=\"ltr\">\n<div class=\"screen-reader-response\" role=\"alert\" aria-live=\"polite\"><\/div>\n<form action=\"\/ENG\/wp-json\/wp\/v2\/pages\/21#wpcf7-f1477-o1\" method=\"post\" class=\"wpcf7-form init\" novalidate=\"novalidate\">\n<div style=\"display: none;\">\n<input type=\"hidden\" name=\"_wpcf7\" value=\"1477\" \/>\n<input type=\"hidden\" name=\"_wpcf7_version\" value=\"5.2.2\" \/>\n<input type=\"hidden\" name=\"_wpcf7_locale\" value=\"en_US\" \/>\n<input type=\"hidden\" name=\"_wpcf7_unit_tag\" value=\"wpcf7-f1477-o1\" \/>\n<input type=\"hidden\" name=\"_wpcf7_container_post\" value=\"0\" \/>\n<input type=\"hidden\" name=\"_wpcf7_posted_data_hash\" value=\"\" \/>\n<\/div>\n<p><label><br \/>\n    <span class=\"wpcf7-form-control-wrap your-name\"><input type=\"text\" name=\"your-name\" value=\"\" size=\"40\" class=\"wpcf7-form-control wpcf7-text wpcf7-validates-as-required\" aria-required=\"true\" aria-invalid=\"false\" placeholder=\"Your name\" \/><\/span> <\/label><br \/>\n<label><br \/>\n    <span class=\"wpcf7-form-control-wrap your-email\"><input type=\"email\" name=\"your-email\" value=\"\" size=\"40\" class=\"wpcf7-form-control wpcf7-text wpcf7-email wpcf7-validates-as-required wpcf7-validates-as-email\" aria-required=\"true\" aria-invalid=\"false\" placeholder=\"Your E-mail\" \/><\/span> <\/label><br \/>\n<label><br \/>\n    <span class=\"wpcf7-form-control-wrap your-subject\"><input type=\"text\" name=\"your-subject\" value=\"\" size=\"40\" class=\"wpcf7-form-control wpcf7-text\" aria-invalid=\"false\" placeholder=\"Subject\" \/><\/span> <\/label><br \/>\n<label><br \/>\n    <span class=\"wpcf7-form-control-wrap your-message\"><textarea name=\"your-message\" cols=\"40\" rows=\"10\" class=\"wpcf7-form-control wpcf7-textarea\" aria-invalid=\"false\" placeholder=\"Message\"><\/textarea><\/span> <\/label><br \/>\n<span class=\"wpcf7-form-control-wrap acceptance-389\"><span class=\"wpcf7-form-control wpcf7-acceptance\"><span class=\"wpcf7-list-item\"><label><input type=\"checkbox\" name=\"acceptance-389\" value=\"1\" aria-invalid=\"false\" \/><span class=\"wpcf7-list-item-label\">I consent to the collection and storage of the submitted data<\/span><\/label><\/span><\/span><\/span><br \/>\n<button class=\"sc_button sc_button_style_dark\">Send<\/button><\/p>\n<div class=\"wpcf7-response-output\" role=\"alert\" aria-hidden=\"true\"><\/div><\/form><\/div>[\/vc_column][\/vc_row][vc_row][vc_column][vc_empty_space height=&#8221;8.7em&#8221;][\/vc_column][\/vc_row]<\/p>\n","protected":false},"excerpt":{"rendered":"<p>[vc_row][vc_column][vc_empty_space height=&#8221;6.75em&#8221;][\/vc_column][\/vc_row][vc_row][vc_column width=&#8221;1\/3&#8243;][vc_column_text]Our data TA Wojciech Lato Ul. J\u00f3zefa Che\u0142mo\u0144skiego 7\/50 02-495 Warszawa NIP: 714-170-32-33 Phone +48 605072592 E-mail office@tacticalaccessories.eu[\/vc_column_text][vc_empty_space][\/vc_column][vc_column width=&#8221;2\/3&#8243;][\/vc_column][\/vc_row][vc_row][vc_column][vc_empty_space height=&#8221;8.7em&#8221;][\/vc_column][\/vc_row]<\/p>\n","protected":false},"author":1,"featured_media":0,"parent":0,"menu_order":0,"comment_status":"closed","ping_status":"closed","template":"","meta":[],"_links":{"self":[{"href":"https:\/\/www.tacticalaccessories.eu\/ENG\/wp-json\/wp\/v2\/pages\/21"}],"collection":[{"href":"https:\/\/www.tacticalaccessories.eu\/ENG\/wp-json\/wp\/v2\/pages"}],"about":[{"href":"https:\/\/www.tacticalaccessories.eu\/ENG\/wp-json\/wp\/v2\/types\/page"}],"author":[{"embeddable":true,"href":"https:\/\/www.tacticalaccessories.eu\/ENG\/wp-json\/wp\/v2\/users\/1"}],"replies":[{"embeddable":true,"href":"https:\/\/www.tacticalaccessories.eu\/ENG\/wp-json\/wp\/v2\/comments?post=21"}],"version-history":[{"count":5,"href":"https:\/\/www.tacticalaccessories.eu\/ENG\/wp-json\/wp\/v2\/pages\/21\/revisions"}],"predecessor-version":[{"id":1761,"href":"https:\/\/www.tacticalaccessories.eu\/ENG\/wp-json\/wp\/v2\/pages\/21\/revisions\/1761"}],"wp:attachment":[{"href":"https:\/\/www.tacticalaccessories.eu\/ENG\/wp-json\/wp\/v2\/media?parent=21"}],"curies":[{"name":"wp","href":"https:\/\/api.w.org\/{rel}","templated":true}]}}